{"id":108,"date":"2020-05-01T17:42:01","date_gmt":"2020-05-01T17:42:01","guid":{"rendered":"http:\/\/harriseisenstadt.com\/?page_id=108"},"modified":"2026-04-14T17:38:36","modified_gmt":"2026-04-14T17:38:36","slug":"news","status":"publish","type":"page","link":"https:\/\/harriseisenstadt.com\/index.php\/news\/","title":{"rendered":"Concerts"},"content":{"rendered":"\t\t<div data-elementor-type=\"wp-page\" data-elementor-id=\"108\" class=\"elementor elementor-108\">\n\t\t\t\t\t\t<section class=\"elementor-section elementor-top-section elementor-element elementor-element-48e88e58 elementor-section-content-middle elementor-section-boxed elementor-section-height-default elementor-section-height-default\" data-id=\"48e88e58\" data-element_type=\"section\" data-e-type=\"section\">\n\t\t\t\t\t\t<div class=\"elementor-container elementor-column-gap-no\">\n\t\t\t\t\t<div class=\"elementor-column elementor-col-100 elementor-top-column elementor-element elementor-element-38ac37d4\" data-id=\"38ac37d4\" data-element_type=\"column\" data-e-type=\"column\">\n\t\t\t<div class=\"elementor-widget-wrap elementor-element-populated\">\n\t\t\t\t\t\t<div class=\"elementor-element elementor-element-4697447e elementor-widget elementor-widget-heading\" data-id=\"4697447e\" data-element_type=\"widget\" data-e-type=\"widget\" data-widget_type=\"heading.default\">\n\t\t\t\t<div class=\"elementor-widget-container\">\n\t\t\t\t\t<h4 class=\"elementor-heading-title elementor-size-default\">Concerts &amp; News<\/h4>\t\t\t\t<\/div>\n\t\t\t\t<\/div>\n\t\t\t\t<div class=\"elementor-element elementor-element-23eb3876 elementor-widget elementor-widget-text-editor\" data-id=\"23eb3876\" data-element_type=\"widget\" data-e-type=\"widget\" data-widget_type=\"text-editor.default\">\n\t\t\t\t<div class=\"elementor-widget-container\">\n\t\t\t\t\t\t\t\t\t<p style=\"margin-bottom: 0px; font: 400 12px Helvetica; -webkit-text-stroke-color: #000000; color: #000000; text-align: start;\"><span style=\"font-size: 12px;\">I <\/span><img fetchpriority=\"high\" decoding=\"async\" style=\"font-size: 16px; color: #54595f; text-align: center;\" src=\"https:\/\/harriseisenstadt.com\/wp-content\/uploads\/2022\/03\/220315_Canada_Day_019by.nada_.zgank_-300x200.jpg\" alt=\"\" width=\"300\" height=\"200\" \/><span style=\"font-size: 16px; color: #54595f; text-align: center;\">\u00a0<\/span><\/p><p style=\"margin-bottom: 0px; font-variant-numeric: normal; font-variant-east-asian: normal; font-stretch: normal; line-height: normal; text-align: start;\"><span style=\"color: #000000; font-size: 12px; -webkit-text-stroke-color: #000000;\">photo by Nada Zgank<\/span><\/p><p style=\"margin-bottom: 0px; font-variant-numeric: normal; font-variant-east-asian: normal; font-stretch: normal; line-height: normal; text-align: start;\"><span style=\"color: #000000; font-family: Helvetica;\"><span style=\"font-size: 12px; -webkit-text-stroke-color: #000000;\">\u00a0<\/span><\/span><span style=\"color: #000000; font-size: 12px; -webkit-text-stroke-color: #000000;\">\u00a0<\/span><\/p><p style=\"margin-bottom: 0px; font: 300 16px Georgia, serif; text-align: start;\"><span style=\"color: #000000; font-family: Georgia, serif; font-size: 12px; font-style: normal; font-variant-ligatures: normal; font-variant-caps: normal; -webkit-text-stroke-color: #000000;\">\u00a0<\/span><\/p><p>Upcoming:<\/p><p>06.21.2026 &#8211; duo w\/ Angelica Sanchez, Reason &amp; Ruckus, Poughkeepsie, NY<\/p><p>10.08.2026 &#8211; Mark Dresser Quartet, w\/ Angelica Sanchez, Sara Schoenbeck, The Stone, NYC<\/p><p>***<\/p><p>Trio w\/ Michael Moore, Michael Formanek<\/p><p>03.16.2027 &#8211; The Black Cat, Torhout, Belgium<\/p><p>03.17.2027 &#8211; De Singer, Rijkevorsel, Belgium<\/p><p>03.18.2027 &#8211; Kulak, Baden, Switzerland<\/p><p>***<\/p><p>interview winter 2026 on Polish national radio:<\/p><p>https:\/\/www.polskieradio.pl\/dwojka\/audycje\/nocna-strefa,8820\/odcinek\/rozmowy-improwizowane-harris-eisenstadt-zapraszaja-tomasz-gregorczyk-i-janusz-jablonski,dc7cde52-06a8-494e-9f42-53574efe9b5b<\/p><p>***<\/p><p>New Release (Nov 2025): <br \/>Adam Rudolph Hu Vibrational: Vibe Ride (New Dawn)<\/p><p>***<\/p><p>Winner of the 2024 Downbeat International Critics Poll &#8220;Rising Star, Percussion&#8221; Category<\/p><p>***<\/p><p>Ongoing:<\/p><p>2019-Present<br \/>approximately 200 Afro Cuban ceremonial drummings in NYC, Cuba, Mexico City, Miami<\/p><p>Past Concerts:<\/p><p>2026<br \/>Spain &amp; Portugal tour<\/p><p>2025<br \/>Stone Residency feat. Henry Threadgill, Wadada Leo Smith, NYC<br \/>Hu Vibrational, Roulette, Brooklyn, NY<br \/>Hu Vibrational, Big Ears Festival, Konxville, TN<br \/>2024<br \/>Hu Vibrational, Ars Nova, Philadelphia<br \/>Saris, Poschiavo, Switzerland<br \/>Hu Vibrational, Long Play Festival, NYC<br \/>2023<br \/>Wadada Leo Smith: America Transformed, Brooklyn College, NY<br \/>Adam Rudolph\/Brooklyn Raga Massive, Sons D\u2019Hiver Festival, Paris, FR<br \/>2022<br \/>Adam Rudolph\/Brooklyn Raga Massive Central Park Summerstage, NY<br \/>Adam Rudolph\/Brooklyn Raga Massive Hartford Jazz Days, Hartford, CT<br \/>Adam Rudolph\/Brooklyn Raga Massive UMass Amherst, MA<br \/>Adam Rudolph\/Brooklyn Raga Massive Flynn Theater, Burlington, VT<br \/>Harris Eisenstadt Canada Day Europe Tour<br \/>2018<br \/>Todos Somos Dignos, filming\/recording project, Matanzas, Cuba<br \/>Harris Eisenstadt Canada day Europe tour<br \/>John Zorn Bagatelles, The Stone, NYC<br \/>Harris Eisenstadt Poschiavo 50, The Owl, NYC<br \/>Harris Eisenstadt Poschiavo 50, The Owl, NYC<br \/>2017<br \/>Harris Eisenstadt Poschiavo 50, The Owl, NYC<br \/>John Zorn Bagatelles Trio, The Stone, NYC<br \/>Artist in Residence, Ciclo de Musica Festival, Bahia, Brazil<br \/>Harris Eisenstadt Poschiavo 50, The Owl, NYC<br \/>John Zorn Bagatelles Marathon, NYU Skirball Center, NYC <br \/>Uncool Artist Residency, Poschiavo, Switzerland<br \/>Larry Ochs Fictive Five, Jazz Em Agosto, Lisbon, Portugal<br \/>Harris Eisenstadt Recent Developments CD Release Concert Greenwich House, NYC<br \/>Harris Eisenstadt Old Growth Forest, North American Tour<br \/>2016<br \/>Nate Wooley Quintet, European tour<br \/>John Zorn Bagatelles Marathon NYC<br \/>Nate Wooley Quintet Europe tour<br \/>Alexander Hawkins Trio, Canadian Jazz festivals tour<br \/>Harris Eisenstadt Canada Day European tour<br \/>John Zorn Bagatelles trio The Stone, NYC<br \/>John Zorn Bagatelles trio The Stone, NYC <br \/>2015<br \/>Twelve-concert residency at The Stone, NYC<br \/>European Tour with various European musicians<br \/>Week long residency-concert and workshops, Loyola University, New Orleans, LA<br \/>Harris Eisenstadt Canada Day two-night residency, Ibeam, Brooklyn, NY<br \/>2014<br \/>Harris Eisenstadt Canada Day Europe Tour<br \/>Nate Wooley Quintet Jazztopad Festival, Wroclaw, PL<br \/>European Tour with various European musicians<br \/>Golden State Europe Tour<br \/>Nate Wooley Quintet SESC Festival, Sao Paolo, Brazil<br \/>Bojan Vuletic Asphalt Festival, Dusseldorf, DE<br \/>Nate Wooley Quintet North Sea Festival, Rotterdam, NL<br \/>Golden State Canadian Jazz festivals tour<br \/>Canada Day 4-night residency, DSMC, Brooklyn, NY<br \/>Nate Wooley Quintet European Tour<br \/>2013<br \/>Orchestral commission, BCCO, Brooklyn Museum, NY<br \/>Convergence Quartet Europe Tour<br \/>Golden State Northeast US Tour<br \/>European Tour with various European musicians<br \/>September Trio Europe Tour<br \/>Rhythm in the Diaspora Festival, organizer, performer, Cornelia Street Caf\u00e9, NY<br \/>Solo Spain Tour<br \/>2012<br \/>Harris Eisenstadt Golden State California Tour<br \/>Harris Eisenstadt September Trio Europe Tour<br \/>Francois Houle 5+1 Canada Tour<br \/>Harris Eisenstadt September Trio Ibeam, Brooklyn, NY<br \/>Harris Eisenstadt Canada Day Octet CD Release, Red Hook Jazz Festival, Brooklyn, NY<br \/>Harris Eisenstadt Canada Day III CD Release, Cornelia Street Caf\u00e9, NYC<br \/>Earl Howard\u2019s Superstring Roulette, Brooklyn, NY<br \/>Harris Eisenstadt Canada Day North American Tour<br \/>Harris Eisenstadt Canada Day Carnegie Hall Concerts, Queens, NY <br \/>2011<br \/>Wadada Leo Smith Silver Orchestra, Roulette, Brooklyn, NY<br \/>Harris Eisenstadt Canada Day Firehouse 12, New Haven, CT<br \/>Harris Eisenstadt Canada Day Cornelia Street Caf\u00e9, NY, NY<br \/>Harris Eisenstadt Canada Day Octet, Ibeam, Brooklyn, NY<br \/>Convergence Quartet UK Tour<br \/>Army of Strangers, Jazz festival Saalfelden, Austria<br \/>Premiere of orchestra commission Palimpsest, Columbia University, NYC<br \/>Harris Eisenstadt Canada Day Southeast US Tour<br \/>Conspirare, Carnegie Hall Neighborhood Concerts, NYC<br \/>2010<br \/>Wadada Leo Smith Silver Orchestra, Community Church of NY, NYC<br \/>Harris Eisenstadt Canada Day, Cornelia Street Cafe, NYC<br \/>Harris Eisenstadt Woodblock Prints, University of the Streets, NYC<br \/>Harris Eisenstadt September Trio Ibeam, Brooklyn, NY<br \/>Harris Eisenstadt Canada Day, Vancouver International Jazz Festival, Vancouver, BC<br \/>Rodrigo Amado Quartet Ze de Bois, Lisbon, Portugal<br \/>Convergence Quartet, Coimbra Jazz Festival, Coimbra, Portugal<br \/>Harris Eisenstadt Canada Day, Red Hook Jazz Festival, Brooklyn, NY<br \/>Kyoko Kitamura Go-Zee-Lah, Vision festival, NYC<br \/>2009<br \/>Nate Wooley Quintet, Cornelia Street Cafe, NYC<br \/>WKCR Musicians Show, NYC<br \/>Harris Eisenstadt Canada Day Northeast US Tour<br \/>Harris Eisenstadt Canada Day, Clean Feed Festival, NYC<br \/>Jason Hwang Edge Ensemble, Hong Kong Dragon Boat Festival, Queens, NY<br \/>Harris Eisenstadt Trio, Cornelia Street Caf\u00e9, NYC<br \/>Harris Eisenstadt Woodblock Prints, Drom, NYC<br \/>Avram Fefer\/Carlos Barretto\/ Harris Eisenstadt, Portugal Tour<br \/>Convergence Quartet, UK Tour<br \/>Korea 21: Music Here and Now, Symphony Space, NYC<br \/>WKCR Musicians Show, NY, NY<br \/>Jeremiah Cymerman Ensemble, Roulette, NYC<br \/>City of the World Concert: Sounds of Korea, CUNY Graduate center, NYC<br \/>2008<br \/>Saris duo with bassoonist Sara Schoenbeck, St. Mark\u2019s Church, NYC<br \/>Jeb Bishop\/Harris Eisenstadt\/Jason Roebke, Europe Tour<br \/>Myra Melford Happy Whistlings, Roulette, NYC<br \/>Harris Eisenstadt Canada Day, Cornelia Street Cafe, NYC<br \/>Solo, WFMU, Jersey City, NJ<br \/>Jason Hwang&#8217;s Edge Ensemble, Vision Collaborations Festival, NYC<br \/>2007<br \/>Vinny Golia Quartet, The Stone, NYC<br \/>Harris Eisenstadt Guewel, The Stone, NYC<br \/>Tony Malaby Quartet, South Street Seaport, NYC<br \/>Butch Morris Nublu Orchestra, Nublu, NYC<br \/>WKCR Musicians Show, NYC<br \/>Bill Horvitz Band East Coast tour<br \/>Nate Wooley Large Ensemble, New Languages Festival, NYC<br \/>Saris, Spring Reverb Festival, San Diego, CA<br \/>Steve Beresford Trio, Barbes, NYC<br \/>Time Flies Improvised Music Festival, Vancouver, BC<br \/>Harris Eisenstadt: The All Seeing Eye + Octets CD Release Concert, Land Jazz, Los Angeles, CA<br \/>Mark Weaver Brassum Southwest Tour<br \/>2006<br \/>Adam Rudolph Organic Orchestra, Roulette, NYC<br \/>Steve Beresford Signals for Tea, The Stone, NYC<br \/>Dwight Tribble Ensemble, Lucy Florence Theater, NYC<br \/>Convergence Quartet UK Tour<br \/>Angelica Sanchez Quintet, Barbes, Brooklyn, NY<br \/>Jeb Bishop\/Jason Roebke\/Harris Eisenstadt Europe Tour<br \/>Harris Eisenstadt Quintet Japan Tour<br \/>Franziska Baumann \/ Matthias Ziegler \/ Harris Eisenstadt, Dampfzentrale, Bern, CH<br \/>Adam Rudolph Ensemble, The Stone, NYC<br \/>Vinny Golia Sextet, Jazz Bakery, LA, CA<br \/>Dwight Tribble Ensemble, Jazz Bakery, LA, CA<br \/>Ralph Jones Quartet, Calarts, Valencia, CA<br \/>Sonic Courage Festival composer-in-residence, Halifax, NS<br \/>Mark Weaver&#8217;s Brassum Southwest Tour<br \/>Vinny Golia Large Ensemble, REDCAT, LA, CA<br \/>Macbeth starring Stephen Dillane, Adelaide Festival, Australia<br \/>Harris Eisenstadt Ensemble-in-residence, Lafayette Elementary, Oakland, CA<br \/>Macbeth starring Stephen Dillane, percussionist, Sydney Theater, Australia<br \/>Paul Rutherford\/Torsten Muller\/Harris Eisenstadt<br \/>2005<br \/>Wet, opera by Anne Lebaron, REDCAT, LA, CA<br \/>The Darts, California Tour<br \/>Macbeth starring Stephen Dillane, Almeida Theater, London, UK<br \/>Achim Kaufmann\/Harris Eisenstadt Duo, Kraakgeluiden, Amsterdam, Holland<br \/>Michael Moore\/Harris Eisenstadt Duo, Zaal 100, Amsterdam, Holland<br \/>Achim Kaufmann\/Harris Eisenstadt Duo, Loft, Koln, DE<br \/>David Ryan\/Harris Eisenstadt Duo, Spithall\u2019s Bridge, London, UK<br \/>Tyneside Jazz Festival, Newcastle, UK<br \/>Kenny Wollesen Himalayas, Zebulon, NYC<br \/>Saris, Midwest tour<br \/>Butch Morris Ensembles, Zebulon and Nublu<br \/>ART Fest Soundshift, Los Angeles, CA<br \/>Composer-in-residence, Spring Fever Festival, Halifax, NS<br \/>Mark Weaver&#8217;s Brassum, southwest tour<br \/>Carole Kim residency, Arizona Sate University, Phoenix, AZ<br \/>Gabby La La featuring Les Claypool, US tour<br \/>Achim Kaufmann\/Harris Eisenstadt Duo, West Coast Tour<br \/>2004<br \/>Macbeth starring Stephen Dillane, percussionist, REDCAT, LA, CA<br \/>Artist in Residence, Tambacounda, Senegal<br \/>The Soul and Gone concerts, Chicago, IL<br \/>High Mayhem Festival, Santa Fe, NM<br \/>The Diplomats, East Coast Tour September 5-30 Saris, European Tour<br \/>Bill Horvitz Band, Northern California Tour<br \/>Art and Hellenism Festival, Loyola Marymount University, Westchester, CA<br \/>ROVA, Intersection for the Arts, SF, CA<br \/>Upstream Orchestra, Halifax, NS<br \/>Mark Weaver Brassum, Southwest Tour<br \/>Ahimsa Orchestra, The Jazz House, Berkeley, CA<br \/>Line Space Line Festival of Improvised Music, LA, CA <br \/>Boxes of Water, California tour<br \/>KOLA, California Tour<br \/>Bill Horvitz Band, West Coast Tour<br \/>2003<br \/>Matthew Sperry Memorial Concert, LA, CA<br \/>Wadada Leo Smith Creative Orchestra, Calarts, Valencia, CA<br \/>Wadada Leo Smith N&#8217;Da Kulture, Pierce College, LA, CA<br \/>Harris Eisenstadt Jalolu, East Coast Tour<br \/>European Tour with various European musicians<br \/>Adam Rudolph Percussion Ensemble, 33 1\/3 Gallery, LA, CA<br \/>Wadada Leo Smith Carbon System, Calarts, Valencia, CA<br \/>Vancouver International Jazz Festival, Vancouver, BC<br \/>Harris Eisenstadt Nu SFAlt Fest, 21 Grand, Oakland, CA<br \/>Research trip to Gambia to study Mandinka drumming<br \/>2002<br \/>Research trip to Gambia to study Mandinka drumming<br \/>Harris Eisenstadt &#8216;Fight or Flight&#8217; CD Release, Rocco, LA, CA<br \/>Jason Mears Stelpurnst Ensemble, California Tour<br \/>Saris, Earjam III Festival, LA, CA<br \/>Biggi Vinkeloe West Coast Tour<br \/>Boxes of Water Northern California Tou<\/p><p style=\"margin-bottom: 0px; font: 300 16px Georgia, serif; text-align: start;\">\u00a0<\/p><p style=\"margin-bottom: 0px; font-variant-numeric: normal; font-variant-east-asian: normal; font-stretch: normal; line-height: normal; text-align: start;\">\u00a0<\/p>\t\t\t\t\t\t\t\t<\/div>\n\t\t\t\t<\/div>\n\t\t\t\t<div class=\"elementor-element elementor-element-bd00153 elementor-widget elementor-widget-image\" data-id=\"bd00153\" data-element_type=\"widget\" data-e-type=\"widget\" data-widget_type=\"image.default\">\n\t\t\t\t<div class=\"elementor-widget-container\">\n\t\t\t\t\t\t\t\t\t\t\t\t\t\t\t<img decoding=\"async\" width=\"768\" height=\"1662\" src=\"https:\/\/harriseisenstadt.com\/wp-content\/uploads\/2024\/07\/db-poll-2024-pdf-768x1662.jpeg\" class=\"attachment-medium_large size-medium_large wp-image-902\" alt=\"\" srcset=\"https:\/\/harriseisenstadt.com\/wp-content\/uploads\/2024\/07\/db-poll-2024-pdf-768x1662.jpeg 768w, https:\/\/harriseisenstadt.com\/wp-content\/uploads\/2024\/07\/db-poll-2024-pdf-139x300.jpeg 139w, https:\/\/harriseisenstadt.com\/wp-content\/uploads\/2024\/07\/db-poll-2024-pdf-473x1024.jpeg 473w, https:\/\/harriseisenstadt.com\/wp-content\/uploads\/2024\/07\/db-poll-2024-pdf-710x1536.jpeg 710w, https:\/\/harriseisenstadt.com\/wp-content\/uploads\/2024\/07\/db-poll-2024-pdf.jpeg 828w\" sizes=\"(max-width: 768px) 100vw, 768px\" \/>\t\t\t\t\t\t\t\t\t\t\t\t\t\t\t<\/div>\n\t\t\t\t<\/div>\n\t\t\t\t\t<\/div>\n\t\t<\/div>\n\t\t\t\t\t<\/div>\n\t\t<\/section>\n\t\t\t\t<\/div>\n\t\t","protected":false},"excerpt":{"rendered":"<p>Concerts &amp; News I \u00a0 photo by Nada Zgank \u00a0\u00a0 \u00a0 Upcoming: 06.21.2026 &#8211; duo w\/ Angelica Sanchez, Reason &amp; Ruckus, Poughkeepsie, NY 10.08.2026 &#8211; Mark Dresser Quartet, w\/ Angelica Sanchez, Sara Schoenbeck, The Stone, NYC *** Trio w\/ Michael Moore, Michael Formanek 03.16.2027 &#8211; The Black Cat, Torhout, Belgium 03.17.2027 &#8211; De Singer, Rijkevorsel, [&hellip;]<\/p>\n","protected":false},"author":1,"featured_media":0,"parent":0,"menu_order":0,"comment_status":"closed","ping_status":"closed","template":"","meta":{"footnotes":""},"class_list":["post-108","page","type-page","status-publish","hentry","entry"],"yoast_head":"<!-- This site is optimized with the Yoast SEO plugin v26.8 - https:\/\/yoast.com\/product\/yoast-seo-wordpress\/ -->\n<title>Concerts - Harris Eisenstadt<\/title>\n<meta name=\"robots\" content=\"index, follow, max-snippet:-1, max-image-preview:large, max-video-preview:-1\" \/>\n<link rel=\"canonical\" href=\"https:\/\/harriseisenstadt.com\/index.php\/news\/\" \/>\n<meta property=\"og:locale\" content=\"en_US\" \/>\n<meta property=\"og:type\" content=\"article\" \/>\n<meta property=\"og:title\" content=\"Concerts - Harris Eisenstadt\" \/>\n<meta property=\"og:description\" content=\"Concerts &amp; News I \u00a0 photo by Nada Zgank \u00a0\u00a0 \u00a0 Upcoming: 06.21.2026 &#8211; duo w\/ Angelica Sanchez, Reason &amp; Ruckus, Poughkeepsie, NY 10.08.2026 &#8211; Mark Dresser Quartet, w\/ Angelica Sanchez, Sara Schoenbeck, The Stone, NYC *** Trio w\/ Michael Moore, Michael Formanek 03.16.2027 &#8211; The Black Cat, Torhout, Belgium 03.17.2027 &#8211; De Singer, Rijkevorsel, [&hellip;]\" \/>\n<meta property=\"og:url\" content=\"https:\/\/harriseisenstadt.com\/index.php\/news\/\" \/>\n<meta property=\"og:site_name\" content=\"Harris Eisenstadt\" \/>\n<meta property=\"article:modified_time\" content=\"2026-04-14T17:38:36+00:00\" \/>\n<meta property=\"og:image\" content=\"https:\/\/harriseisenstadt.com\/wp-content\/uploads\/2022\/03\/220315_Canada_Day_019by.nada_.zgank_-300x200.jpg\" \/>\n<meta name=\"twitter:card\" content=\"summary_large_image\" \/>\n<meta name=\"twitter:label1\" content=\"Est. reading time\" \/>\n\t<meta name=\"twitter:data1\" content=\"7 minutes\" \/>\n<script type=\"application\/ld+json\" class=\"yoast-schema-graph\">{\"@context\":\"https:\/\/schema.org\",\"@graph\":[{\"@type\":\"WebPage\",\"@id\":\"https:\/\/harriseisenstadt.com\/index.php\/news\/\",\"url\":\"https:\/\/harriseisenstadt.com\/index.php\/news\/\",\"name\":\"Concerts - Harris Eisenstadt\",\"isPartOf\":{\"@id\":\"https:\/\/harriseisenstadt.com\/#website\"},\"primaryImageOfPage\":{\"@id\":\"https:\/\/harriseisenstadt.com\/index.php\/news\/#primaryimage\"},\"image\":{\"@id\":\"https:\/\/harriseisenstadt.com\/index.php\/news\/#primaryimage\"},\"thumbnailUrl\":\"https:\/\/harriseisenstadt.com\/wp-content\/uploads\/2022\/03\/220315_Canada_Day_019by.nada_.zgank_-300x200.jpg\",\"datePublished\":\"2020-05-01T17:42:01+00:00\",\"dateModified\":\"2026-04-14T17:38:36+00:00\",\"breadcrumb\":{\"@id\":\"https:\/\/harriseisenstadt.com\/index.php\/news\/#breadcrumb\"},\"inLanguage\":\"en-US\",\"potentialAction\":[{\"@type\":\"ReadAction\",\"target\":[\"https:\/\/harriseisenstadt.com\/index.php\/news\/\"]}]},{\"@type\":\"ImageObject\",\"inLanguage\":\"en-US\",\"@id\":\"https:\/\/harriseisenstadt.com\/index.php\/news\/#primaryimage\",\"url\":\"https:\/\/harriseisenstadt.com\/wp-content\/uploads\/2022\/03\/220315_Canada_Day_019by.nada_.zgank_.jpg\",\"contentUrl\":\"https:\/\/harriseisenstadt.com\/wp-content\/uploads\/2022\/03\/220315_Canada_Day_019by.nada_.zgank_.jpg\",\"width\":2500,\"height\":1666,\"caption\":\"Cankarjevi torki: Canada Day in Ground Rituals, Klub CD, 15.3.2022 Canada Day: Nate Wooley, trobenta; Matt Bauder, tenorski saksofon; Pascal Niggenkemper, bas; Harris Eisenstadt, bobni\/kompozicije Ground Rituals: Jani Moder, kitara, efekti; Igor Matkovi\u010d, trobenta; Kristijan Krajn\u010dan, violon\u010delo; Jo\u0161t Dra\u0161ler, kontrabas; Zlatko Kau\u010di\u010d, bobni, tolkala, zvo\u010dila\"},{\"@type\":\"BreadcrumbList\",\"@id\":\"https:\/\/harriseisenstadt.com\/index.php\/news\/#breadcrumb\",\"itemListElement\":[{\"@type\":\"ListItem\",\"position\":1,\"name\":\"Home\",\"item\":\"https:\/\/harriseisenstadt.com\/\"},{\"@type\":\"ListItem\",\"position\":2,\"name\":\"Concerts\"}]},{\"@type\":\"WebSite\",\"@id\":\"https:\/\/harriseisenstadt.com\/#website\",\"url\":\"https:\/\/harriseisenstadt.com\/\",\"name\":\"Harris Eisenstadt\",\"description\":\"\",\"publisher\":{\"@id\":\"https:\/\/harriseisenstadt.com\/#\/schema\/person\/c4cad445c1a1d1d5e4da85a1d4d2b30a\"},\"potentialAction\":[{\"@type\":\"SearchAction\",\"target\":{\"@type\":\"EntryPoint\",\"urlTemplate\":\"https:\/\/harriseisenstadt.com\/?s={search_term_string}\"},\"query-input\":{\"@type\":\"PropertyValueSpecification\",\"valueRequired\":true,\"valueName\":\"search_term_string\"}}],\"inLanguage\":\"en-US\"},{\"@type\":[\"Person\",\"Organization\"],\"@id\":\"https:\/\/harriseisenstadt.com\/#\/schema\/person\/c4cad445c1a1d1d5e4da85a1d4d2b30a\",\"name\":\"Harris Eisenstadt\",\"image\":{\"@type\":\"ImageObject\",\"inLanguage\":\"en-US\",\"@id\":\"https:\/\/harriseisenstadt.com\/#\/schema\/person\/image\/\",\"url\":\"https:\/\/secure.gravatar.com\/avatar\/9c742c4b491ffa93ff431b673be2a20b?s=96&d=mm&r=g\",\"contentUrl\":\"https:\/\/secure.gravatar.com\/avatar\/9c742c4b491ffa93ff431b673be2a20b?s=96&d=mm&r=g\",\"caption\":\"Harris Eisenstadt\"},\"logo\":{\"@id\":\"https:\/\/harriseisenstadt.com\/#\/schema\/person\/image\/\"},\"sameAs\":[\"http:\/\/harriseisenstadt.com\"]}]}<\/script>\n<!-- \/ Yoast SEO plugin. -->","yoast_head_json":{"title":"Concerts - Harris Eisenstadt","robots":{"index":"index","follow":"follow","max-snippet":"max-snippet:-1","max-image-preview":"max-image-preview:large","max-video-preview":"max-video-preview:-1"},"canonical":"https:\/\/harriseisenstadt.com\/index.php\/news\/","og_locale":"en_US","og_type":"article","og_title":"Concerts - Harris Eisenstadt","og_description":"Concerts &amp; News I \u00a0 photo by Nada Zgank \u00a0\u00a0 \u00a0 Upcoming: 06.21.2026 &#8211; duo w\/ Angelica Sanchez, Reason &amp; Ruckus, Poughkeepsie, NY 10.08.2026 &#8211; Mark Dresser Quartet, w\/ Angelica Sanchez, Sara Schoenbeck, The Stone, NYC *** Trio w\/ Michael Moore, Michael Formanek 03.16.2027 &#8211; The Black Cat, Torhout, Belgium 03.17.2027 &#8211; De Singer, Rijkevorsel, [&hellip;]","og_url":"https:\/\/harriseisenstadt.com\/index.php\/news\/","og_site_name":"Harris Eisenstadt","article_modified_time":"2026-04-14T17:38:36+00:00","og_image":[{"url":"https:\/\/harriseisenstadt.com\/wp-content\/uploads\/2022\/03\/220315_Canada_Day_019by.nada_.zgank_-300x200.jpg","type":"","width":"","height":""}],"twitter_card":"summary_large_image","twitter_misc":{"Est. reading time":"7 minutes"},"schema":{"@context":"https:\/\/schema.org","@graph":[{"@type":"WebPage","@id":"https:\/\/harriseisenstadt.com\/index.php\/news\/","url":"https:\/\/harriseisenstadt.com\/index.php\/news\/","name":"Concerts - Harris Eisenstadt","isPartOf":{"@id":"https:\/\/harriseisenstadt.com\/#website"},"primaryImageOfPage":{"@id":"https:\/\/harriseisenstadt.com\/index.php\/news\/#primaryimage"},"image":{"@id":"https:\/\/harriseisenstadt.com\/index.php\/news\/#primaryimage"},"thumbnailUrl":"https:\/\/harriseisenstadt.com\/wp-content\/uploads\/2022\/03\/220315_Canada_Day_019by.nada_.zgank_-300x200.jpg","datePublished":"2020-05-01T17:42:01+00:00","dateModified":"2026-04-14T17:38:36+00:00","breadcrumb":{"@id":"https:\/\/harriseisenstadt.com\/index.php\/news\/#breadcrumb"},"inLanguage":"en-US","potentialAction":[{"@type":"ReadAction","target":["https:\/\/harriseisenstadt.com\/index.php\/news\/"]}]},{"@type":"ImageObject","inLanguage":"en-US","@id":"https:\/\/harriseisenstadt.com\/index.php\/news\/#primaryimage","url":"https:\/\/harriseisenstadt.com\/wp-content\/uploads\/2022\/03\/220315_Canada_Day_019by.nada_.zgank_.jpg","contentUrl":"https:\/\/harriseisenstadt.com\/wp-content\/uploads\/2022\/03\/220315_Canada_Day_019by.nada_.zgank_.jpg","width":2500,"height":1666,"caption":"Cankarjevi torki: Canada Day in Ground Rituals, Klub CD, 15.3.2022 Canada Day: Nate Wooley, trobenta; Matt Bauder, tenorski saksofon; Pascal Niggenkemper, bas; Harris Eisenstadt, bobni\/kompozicije Ground Rituals: Jani Moder, kitara, efekti; Igor Matkovi\u010d, trobenta; Kristijan Krajn\u010dan, violon\u010delo; Jo\u0161t Dra\u0161ler, kontrabas; Zlatko Kau\u010di\u010d, bobni, tolkala, zvo\u010dila"},{"@type":"BreadcrumbList","@id":"https:\/\/harriseisenstadt.com\/index.php\/news\/#breadcrumb","itemListElement":[{"@type":"ListItem","position":1,"name":"Home","item":"https:\/\/harriseisenstadt.com\/"},{"@type":"ListItem","position":2,"name":"Concerts"}]},{"@type":"WebSite","@id":"https:\/\/harriseisenstadt.com\/#website","url":"https:\/\/harriseisenstadt.com\/","name":"Harris Eisenstadt","description":"","publisher":{"@id":"https:\/\/harriseisenstadt.com\/#\/schema\/person\/c4cad445c1a1d1d5e4da85a1d4d2b30a"},"potentialAction":[{"@type":"SearchAction","target":{"@type":"EntryPoint","urlTemplate":"https:\/\/harriseisenstadt.com\/?s={search_term_string}"},"query-input":{"@type":"PropertyValueSpecification","valueRequired":true,"valueName":"search_term_string"}}],"inLanguage":"en-US"},{"@type":["Person","Organization"],"@id":"https:\/\/harriseisenstadt.com\/#\/schema\/person\/c4cad445c1a1d1d5e4da85a1d4d2b30a","name":"Harris Eisenstadt","image":{"@type":"ImageObject","inLanguage":"en-US","@id":"https:\/\/harriseisenstadt.com\/#\/schema\/person\/image\/","url":"https:\/\/secure.gravatar.com\/avatar\/9c742c4b491ffa93ff431b673be2a20b?s=96&d=mm&r=g","contentUrl":"https:\/\/secure.gravatar.com\/avatar\/9c742c4b491ffa93ff431b673be2a20b?s=96&d=mm&r=g","caption":"Harris Eisenstadt"},"logo":{"@id":"https:\/\/harriseisenstadt.com\/#\/schema\/person\/image\/"},"sameAs":["http:\/\/harriseisenstadt.com"]}]}},"_links":{"self":[{"href":"https:\/\/harriseisenstadt.com\/index.php\/wp-json\/wp\/v2\/pages\/108","targetHints":{"allow":["GET"]}}],"collection":[{"href":"https:\/\/harriseisenstadt.com\/index.php\/wp-json\/wp\/v2\/pages"}],"about":[{"href":"https:\/\/harriseisenstadt.com\/index.php\/wp-json\/wp\/v2\/types\/page"}],"author":[{"embeddable":true,"href":"https:\/\/harriseisenstadt.com\/index.php\/wp-json\/wp\/v2\/users\/1"}],"replies":[{"embeddable":true,"href":"https:\/\/harriseisenstadt.com\/index.php\/wp-json\/wp\/v2\/comments?post=108"}],"version-history":[{"count":582,"href":"https:\/\/harriseisenstadt.com\/index.php\/wp-json\/wp\/v2\/pages\/108\/revisions"}],"predecessor-version":[{"id":1218,"href":"https:\/\/harriseisenstadt.com\/index.php\/wp-json\/wp\/v2\/pages\/108\/revisions\/1218"}],"wp:attachment":[{"href":"https:\/\/harriseisenstadt.com\/index.php\/wp-json\/wp\/v2\/media?parent=108"}],"curies":[{"name":"wp","href":"https:\/\/api.w.org\/{rel}","templated":true}]}}